{"id":33,"date":"2023-09-01T21:00:02","date_gmt":"2023-09-01T21:00:02","guid":{"rendered":"http:\/\/holzkunst-launsbach.de\/?page_id=15"},"modified":"2025-12-09T20:35:56","modified_gmt":"2025-12-09T20:35:56","slug":"holzkunst","status":"publish","type":"page","link":"https:\/\/holzkunst-launsbach.de\/?page_id=33","title":{"rendered":"Holzkunst"},"content":{"rendered":"\n<p>N\u00fctzliches und Dekoratives entsteht in meiner kleinen Kreativwerkstatt in Wettenberg-Launsbach. Hier m\u00f6chte ich Ihnen einen kleinen Einblick geben, in all die sch\u00f6nen Kleinigkeiten, die schon durch meine H\u00e4nde Form angenommen haben.<\/p>\n\n\n\n<p>Dazu geh\u00f6ren sowohl weihnachtliche Dekoration, kleine Aufmerksamkeiten f\u00fcr liebe Freunde, Geschenke zur Geburt, aber auch Erinnerungsst\u00fccke an die Herzensmenschen, die von uns gehen mussten.<\/p>\n\n\n\n<p>Gerne setze ich deine Auftragsarbeit in die Tat um. <\/p>\n\n\n\n\n\n\n\n<hr class=\"wp-block-separator has-alpha-channel-opacity\"\/>\n\n\n\n<figure class=\"wp-block-gallery has-nested-images columns-7 is-cropped wp-block-gallery-1 is-layout-flex wp-block-gallery-is-layout-flex\">\n<figure class=\"wp-block-image size-large\"><img decoding=\"async\" data-id=\"532\" src=\"https:\/\/holzkunst-launsbach.de\/wp-content\/uploads\/2025\/05\/IMG_20240215_210952-1024x1024.jpg\" alt=\"\" class=\"wp-image-532\"\/><\/figure>\n\n\n\n<figure class=\"wp-block-image size-large\"><img decoding=\"async\" data-id=\"542\" src=\"https:\/\/holzkunst-launsbach.de\/wp-content\/uploads\/2025\/05\/IMG_20240119_164440-630x1024.jpeg\" alt=\"\" class=\"wp-image-542\"\/><\/figure>\n\n\n\n<figure class=\"wp-block-image size-large\"><img decoding=\"async\" data-id=\"546\" src=\"https:\/\/holzkunst-launsbach.de\/wp-content\/uploads\/2025\/05\/IMG_20231128_210810.jpeg\" alt=\"\" class=\"wp-image-546\"\/><figcaption class=\"wp-element-caption\">Screenshot<\/figcaption><\/figure>\n\n\n\n<figure class=\"wp-block-image size-large\"><img decoding=\"async\" data-id=\"543\" src=\"https:\/\/holzkunst-launsbach.de\/wp-content\/uploads\/2025\/05\/IMG_20230825_194945-576x1024.jpg\" alt=\"\" class=\"wp-image-543\"\/><\/figure>\n\n\n\n<figure class=\"wp-block-image size-large\"><img decoding=\"async\" data-id=\"525\" src=\"https:\/\/holzkunst-launsbach.de\/wp-content\/uploads\/2025\/05\/IMG_20230807_214431-576x1024.jpg\" alt=\"\" class=\"wp-image-525\"\/><\/figure>\n\n\n\n<figure class=\"wp-block-image size-large\"><img decoding=\"async\" data-id=\"246\" src=\"https:\/\/holzkunst-launsbach.de\/wp-content\/uploads\/2025\/03\/IMG_20250311_203932-e1741884054292-1024x1024.jpg\" alt=\"\" class=\"wp-image-246\"\/><\/figure>\n\n\n\n<figure class=\"wp-block-image size-large\"><img decoding=\"async\" data-id=\"536\" src=\"https:\/\/holzkunst-launsbach.de\/wp-content\/uploads\/2025\/05\/IMG_20240215_210912-1024x1024.jpg\" alt=\"\" class=\"wp-image-536\"\/><\/figure>\n\n\n\n<figure class=\"wp-block-image size-large\"><img decoding=\"async\" data-id=\"189\" src=\"https:\/\/holzkunst-launsbach.de\/wp-content\/uploads\/2024\/08\/IMG_3785-1024x1024.jpg\" alt=\"\" class=\"wp-image-189\"\/><\/figure>\n\n\n\n<figure class=\"wp-block-image size-large\"><img decoding=\"async\" data-id=\"531\" src=\"https:\/\/holzkunst-launsbach.de\/wp-content\/uploads\/2025\/05\/IMG_20230507_221150-576x1024.jpg\" alt=\"\" class=\"wp-image-531\"\/><\/figure>\n\n\n\n<figure class=\"wp-block-image size-large\"><img decoding=\"async\" data-id=\"214\" src=\"https:\/\/holzkunst-launsbach.de\/wp-content\/uploads\/2024\/12\/IMG_20241125_190407-scaled-e1733348012836-908x1024.jpg\" alt=\"\" class=\"wp-image-214\"\/><\/figure>\n\n\n\n<figure class=\"wp-block-image size-large\"><img decoding=\"async\" data-id=\"211\" src=\"https:\/\/holzkunst-launsbach.de\/wp-content\/uploads\/2024\/12\/IMG_20241113_220828-1024x1024.jpg\" alt=\"\" class=\"wp-image-211\"\/><\/figure>\n\n\n\n<figure class=\"wp-block-image size-large\"><img decoding=\"async\" data-id=\"544\" src=\"https:\/\/holzkunst-launsbach.de\/wp-content\/uploads\/2025\/05\/IMG_20231218_183939-1024x576.jpg\" alt=\"\" class=\"wp-image-544\"\/><\/figure>\n\n\n\n<figure class=\"wp-block-image size-large\"><img decoding=\"async\" data-id=\"548\" src=\"https:\/\/holzkunst-launsbach.de\/wp-content\/uploads\/2025\/05\/IMG_20230617_141103.jpeg\" alt=\"\" class=\"wp-image-548\"\/><figcaption class=\"wp-element-caption\">Screenshot<\/figcaption><\/figure>\n\n\n\n<figure class=\"wp-block-image size-large\"><img decoding=\"async\" data-id=\"242\" src=\"https:\/\/holzkunst-launsbach.de\/wp-content\/uploads\/2025\/03\/IMG_20250311_073706-1-e1741883542216-1024x491.jpg\" alt=\"\" class=\"wp-image-242\"\/><\/figure>\n\n\n\n<figure class=\"wp-block-image size-large\"><img decoding=\"async\" data-id=\"523\" src=\"https:\/\/holzkunst-launsbach.de\/wp-content\/uploads\/2025\/05\/IMG_20230802_215635-576x1024.jpg\" alt=\"\" class=\"wp-image-523\"\/><\/figure>\n\n\n\n<figure class=\"wp-block-image size-large\"><img decoding=\"async\" data-id=\"528\" src=\"https:\/\/holzkunst-launsbach.de\/wp-content\/uploads\/2025\/05\/IMG_20240813_203519-1024x576.jpg\" alt=\"\" class=\"wp-image-528\"\/><\/figure>\n\n\n\n<figure class=\"wp-block-image size-large\"><img decoding=\"async\" data-id=\"200\" src=\"https:\/\/holzkunst-launsbach.de\/wp-content\/uploads\/2024\/08\/IMG_3684-576x1024.jpg\" alt=\"\" class=\"wp-image-200\"\/><\/figure>\n\n\n\n<figure class=\"wp-block-image size-large\"><img decoding=\"async\" data-id=\"521\" src=\"https:\/\/holzkunst-launsbach.de\/wp-content\/uploads\/2025\/05\/IMG_20230108_232500.png\" alt=\"\" class=\"wp-image-521\"\/><\/figure>\n\n\n\n<figure class=\"wp-block-image size-large\"><img decoding=\"async\" data-id=\"527\" src=\"https:\/\/holzkunst-launsbach.de\/wp-content\/uploads\/2025\/05\/IMG_20240808_200117.jpeg\" alt=\"\" class=\"wp-image-527\"\/><figcaption class=\"wp-element-caption\">Screenshot<\/figcaption><\/figure>\n\n\n\n<figure class=\"wp-block-image size-large\"><img decoding=\"async\" data-id=\"243\" src=\"https:\/\/holzkunst-launsbach.de\/wp-content\/uploads\/2024\/12\/IMG_20241124_161810-scaled-1-e1741883605904-1024x877.jpg\" alt=\"\" class=\"wp-image-243\"\/><\/figure>\n\n\n\n<figure class=\"wp-block-image size-large\"><img decoding=\"async\" data-id=\"538\" src=\"https:\/\/holzkunst-launsbach.de\/wp-content\/uploads\/2025\/05\/IMG_20230108_232019.png\" alt=\"\" class=\"wp-image-538\"\/><\/figure>\n\n\n\n<figure class=\"wp-block-image size-large\"><img decoding=\"async\" data-id=\"238\" src=\"https:\/\/holzkunst-launsbach.de\/wp-content\/uploads\/2024\/12\/IMG_20241125_190407-scaled-e1733348012836-1-e1741883265137-1024x455.jpg\" alt=\"\" class=\"wp-image-238\"\/><\/figure>\n\n\n\n<figure class=\"wp-block-image size-large\"><img decoding=\"async\" data-id=\"524\" src=\"https:\/\/holzkunst-launsbach.de\/wp-content\/uploads\/2025\/05\/IMG_20230513_104607-576x1024.jpg\" alt=\"\" class=\"wp-image-524\"\/><\/figure>\n\n\n\n<figure class=\"wp-block-image size-large\"><img decoding=\"async\" data-id=\"541\" src=\"https:\/\/holzkunst-launsbach.de\/wp-content\/uploads\/2025\/05\/IMG_20231126_192313-576x1024.jpg\" alt=\"\" class=\"wp-image-541\"\/><\/figure>\n\n\n\n<figure class=\"wp-block-image size-large\"><img decoding=\"async\" data-id=\"339\" src=\"https:\/\/holzkunst-launsbach.de\/wp-content\/uploads\/2025\/05\/IMG_20240205_074734-1024x1024.jpg\" alt=\"\" class=\"wp-image-339\"\/><\/figure>\n\n\n\n<figure class=\"wp-block-image size-large\"><img decoding=\"async\" data-id=\"535\" src=\"https:\/\/holzkunst-launsbach.de\/wp-content\/uploads\/2025\/05\/IMG_20240809_183657-576x1024.jpg\" alt=\"\" class=\"wp-image-535\"\/><\/figure>\n\n\n\n<figure class=\"wp-block-image size-large\"><img decoding=\"async\" data-id=\"457\" src=\"https:\/\/holzkunst-launsbach.de\/wp-content\/uploads\/2025\/05\/IMG_20240814_172216-scaled-1-576x1024.jpg\" alt=\"\" class=\"wp-image-457\"\/><\/figure>\n\n\n\n<figure class=\"wp-block-image size-large\"><img decoding=\"async\" data-id=\"547\" src=\"https:\/\/holzkunst-launsbach.de\/wp-content\/uploads\/2025\/05\/IMG_20230520_141700-576x1024.jpg\" alt=\"\" class=\"wp-image-547\"\/><\/figure>\n\n\n\n<figure class=\"wp-block-image size-large\"><img decoding=\"async\" data-id=\"327\" src=\"https:\/\/holzkunst-launsbach.de\/wp-content\/uploads\/2025\/05\/IMG_20240205_074856-1024x1024.jpg\" alt=\"\" class=\"wp-image-327\"\/><\/figure>\n\n\n\n<figure class=\"wp-block-image size-large\"><img decoding=\"async\" data-id=\"371\" src=\"https:\/\/holzkunst-launsbach.de\/wp-content\/uploads\/2025\/05\/IMG_20240716_182811-576x1024.jpg\" alt=\"\" class=\"wp-image-371\"\/><\/figure>\n\n\n\n<figure class=\"wp-block-image size-large\"><img decoding=\"async\" data-id=\"364\" src=\"https:\/\/holzkunst-launsbach.de\/wp-content\/uploads\/2025\/05\/IMG_20240810_191629-scaled-e1746384083459-978x1024.jpg\" alt=\"\" class=\"wp-image-364\"\/><\/figure>\n\n\n\n<figure class=\"wp-block-image size-large\"><img decoding=\"async\" data-id=\"522\" src=\"https:\/\/holzkunst-launsbach.de\/wp-content\/uploads\/2025\/05\/IMG_20230617_141136.jpeg\" alt=\"\" class=\"wp-image-522\"\/><figcaption class=\"wp-element-caption\">Screenshot<\/figcaption><\/figure>\n\n\n\n<figure class=\"wp-block-image size-large\"><img decoding=\"async\" data-id=\"534\" src=\"https:\/\/holzkunst-launsbach.de\/wp-content\/uploads\/2025\/05\/IMG_20240209_181825-576x1024.jpg\" alt=\"\" class=\"wp-image-534\"\/><\/figure>\n\n\n\n<figure class=\"wp-block-image size-large\"><img decoding=\"async\" data-id=\"244\" src=\"https:\/\/holzkunst-launsbach.de\/wp-content\/uploads\/2024\/08\/IMG_3684-1-scaled-e1741883735555-1024x973.jpg\" alt=\"\" class=\"wp-image-244\"\/><\/figure>\n\n\n\n<figure class=\"wp-block-image size-large\"><img decoding=\"async\" data-id=\"195\" src=\"https:\/\/holzkunst-launsbach.de\/wp-content\/uploads\/2024\/08\/IMG_3788-1024x1024.jpg\" alt=\"\" class=\"wp-image-195\"\/><\/figure>\n<\/figure>\n","protected":false},"excerpt":{"rendered":"<p>N\u00fctzliches und Dekoratives entsteht in meiner kleinen Kreativwerkstatt in Wettenberg-Launsbach. Hier m\u00f6chte ich Ihnen einen kleinen Einblick geben, in all die sch\u00f6nen Kleinigkeiten, die schon durch meine H\u00e4nde Form angenommen haben. Dazu geh\u00f6ren sowohl weihnachtliche Dekoration, kleine Aufmerksamkeiten f\u00fcr liebe Freunde, Geschenke zur Geburt, aber auch Erinnerungsst\u00fccke an die Herzensmenschen, die von uns gehen mussten. [&hellip;]<\/p>\n","protected":false},"author":1,"featured_media":0,"parent":0,"menu_order":1,"comment_status":"closed","ping_status":"closed","template":"","meta":{"saved_in_kubio":true,"footnotes":""},"class_list":["post-33","page","type-page","status-publish","hentry"],"kubio_ai_page_context":{"short_desc":"","purpose":"general"},"jetpack_sharing_enabled":true,"_links":{"self":[{"href":"https:\/\/holzkunst-launsbach.de\/index.php?rest_route=\/wp\/v2\/pages\/33","targetHints":{"allow":["GET"]}}],"collection":[{"href":"https:\/\/holzkunst-launsbach.de\/index.php?rest_route=\/wp\/v2\/pages"}],"about":[{"href":"https:\/\/holzkunst-launsbach.de\/index.php?rest_route=\/wp\/v2\/types\/page"}],"author":[{"embeddable":true,"href":"https:\/\/holzkunst-launsbach.de\/index.php?rest_route=\/wp\/v2\/users\/1"}],"replies":[{"embeddable":true,"href":"https:\/\/holzkunst-launsbach.de\/index.php?rest_route=%2Fwp%2Fv2%2Fcomments&post=33"}],"version-history":[{"count":4,"href":"https:\/\/holzkunst-launsbach.de\/index.php?rest_route=\/wp\/v2\/pages\/33\/revisions"}],"predecessor-version":[{"id":633,"href":"https:\/\/holzkunst-launsbach.de\/index.php?rest_route=\/wp\/v2\/pages\/33\/revisions\/633"}],"wp:attachment":[{"href":"https:\/\/holzkunst-launsbach.de\/index.php?rest_route=%2Fwp%2Fv2%2Fmedia&parent=33"}],"curies":[{"name":"wp","href":"https:\/\/api.w.org\/{rel}","templated":true}]}}